{"id":7549,"date":"2020-10-30T00:18:58","date_gmt":"2020-10-30T06:18:58","guid":{"rendered":"https:\/\/yul.dreamstakeflight.ca\/?page_id=7549"},"modified":"2021-10-02T14:54:35","modified_gmt":"2021-10-02T20:54:35","slug":"nos-histoires","status":"publish","type":"page","link":"https:\/\/yul.dreamstakeflight.ca\/fr\/nos-histoires\/","title":{"rendered":"Nos histoires"},"content":{"rendered":"\t\t<div data-elementor-type=\"wp-page\" data-elementor-id=\"7549\" class=\"elementor elementor-7549 elementor-7358\" data-elementor-post-type=\"page\">\n\t\t\t\t\t\t<section class=\"elementor-section elementor-top-section elementor-element elementor-element-211e8e5 elementor-section-boxed elementor-section-height-default elementor-section-height-default\" data-id=\"211e8e5\" data-element_type=\"section\" data-e-type=\"section\">\n\t\t\t\t\t\t<div class=\"elementor-container elementor-column-gap-default\">\n\t\t\t\t\t<div class=\"elementor-column elementor-col-100 elementor-top-column elementor-element elementor-element-c5c5bba\" data-id=\"c5c5bba\" data-element_type=\"column\" data-e-type=\"column\">\n\t\t\t<div class=\"elementor-widget-wrap elementor-element-populated\">\n\t\t\t\t\t\t<div class=\"elementor-element elementor-element-886c137 elementor-widget elementor-widget-text-editor\" data-id=\"886c137\" data-element_type=\"widget\" data-e-type=\"widget\" data-widget_type=\"text-editor.default\">\n\t\t\t\t<div class=\"elementor-widget-container\">\n\t\t\t\t\t\t\t\t\t<p style=\"text-align: center;\"><span style=\"font-size: 18px; white-space: pre-wrap;\">Les organisations, les entreprises et les particuliers choisissent Voyage de R\u00eaves, car la r\u00e9compense est ind\u00e9niable.<br \/>Les enfants qui ont des d\u00e9fis ne voient pas d\u2019opportunit\u00e9s. Des barri\u00e8res m\u00e9dicales, mentales, physiques, sociales ou \u00e9motionnelles s&#8217;opposent.<\/span><br style=\"text-align: center; font-size: 18px; white-space: pre-wrap;\" \/><br style=\"text-align: center; font-size: 18px; white-space: pre-wrap;\" \/><span style=\"color: #f01427;\"><span style=\"font-size: 18px; white-space: pre-wrap;\">Un voyage d&#8217;une vie change cela en ouvrant leur esprit aux possibilit\u00e9s.<\/span><\/span><\/p>\t\t\t\t\t\t\t\t<\/div>\n\t\t\t\t<\/div>\n\t\t\t\t\t<\/div>\n\t\t<\/div>\n\t\t\t\t\t<\/div>\n\t\t<\/section>\n\t\t\t\t<section class=\"elementor-section elementor-top-section elementor-element elementor-element-d88e04b elementor-section-boxed elementor-section-height-default elementor-section-height-default\" data-id=\"d88e04b\" data-element_type=\"section\" data-e-type=\"section\">\n\t\t\t\t\t\t<div class=\"elementor-container elementor-column-gap-default\">\n\t\t\t\t\t<div class=\"elementor-column elementor-col-50 elementor-top-column elementor-element elementor-element-15b684e\" data-id=\"15b684e\" data-element_type=\"column\" data-e-type=\"column\">\n\t\t\t<div class=\"elementor-widget-wrap elementor-element-populated\">\n\t\t\t\t\t\t<div class=\"elementor-element elementor-element-5faab15 elementor-widget elementor-widget-video\" data-id=\"5faab15\" data-element_type=\"widget\" data-e-type=\"widget\" data-settings=\"{&quot;youtube_url&quot;:&quot;https:\\\/\\\/www.youtube.com\\\/watch?v=4DWplzKvjQw&quot;,&quot;show_image_overlay&quot;:&quot;yes&quot;,&quot;image_overlay&quot;:{&quot;url&quot;:&quot;https:\\\/\\\/yul.dreamstakeflight.ca\\\/wp-content\\\/uploads\\\/sites\\\/18\\\/2020\\\/05\\\/Screen-Shot-2019-05-22-at-9.36.05-AM-1.png&quot;,&quot;id&quot;:7342,&quot;size&quot;:&quot;&quot;},&quot;video_type&quot;:&quot;youtube&quot;,&quot;controls&quot;:&quot;yes&quot;}\" data-widget_type=\"video.default\">\n\t\t\t\t<div class=\"elementor-widget-container\">\n\t\t\t\t\t\t\t<div class=\"elementor-wrapper elementor-open-inline\">\n\t\t\t<div class=\"elementor-video\"><\/div>\t\t\t\t<div class=\"elementor-custom-embed-image-overlay\" style=\"background-image: url(https:\/\/yul.dreamstakeflight.ca\/wp-content\/uploads\/sites\/18\/2020\/05\/Screen-Shot-2019-05-22-at-9.36.05-AM-1.png);\">\n\t\t\t\t\t\t\t\t\t\t\t\t\t\t\t\t<div class=\"elementor-custom-embed-play\" role=\"button\" aria-label=\"Lire la vid\u00e9o\" tabindex=\"0\">\n\t\t\t\t\t\t\t<i aria-hidden=\"true\" class=\"eicon-play\"><\/i>\t\t\t\t\t\t<\/div>\n\t\t\t\t\t\t\t\t\t<\/div>\n\t\t\t\t\t<\/div>\n\t\t\t\t\t\t<\/div>\n\t\t\t\t<\/div>\n\t\t\t\t\t<\/div>\n\t\t<\/div>\n\t\t\t\t<div class=\"elementor-column elementor-col-50 elementor-top-column elementor-element elementor-element-a3217e0\" data-id=\"a3217e0\" data-element_type=\"column\" data-e-type=\"column\">\n\t\t\t<div class=\"elementor-widget-wrap elementor-element-populated\">\n\t\t\t\t\t\t<div class=\"elementor-element elementor-element-2a8a9a8 elementor-widget elementor-widget-video\" data-id=\"2a8a9a8\" data-element_type=\"widget\" data-e-type=\"widget\" data-settings=\"{&quot;youtube_url&quot;:&quot;https:\\\/\\\/www.youtube.com\\\/watch?v=4aJ7PzgofaM&quot;,&quot;show_image_overlay&quot;:&quot;yes&quot;,&quot;image_overlay&quot;:{&quot;url&quot;:&quot;https:\\\/\\\/yul.dreamstakeflight.ca\\\/wp-content\\\/uploads\\\/sites\\\/18\\\/2020\\\/06\\\/posterchild2018-2.png&quot;,&quot;id&quot;:7407,&quot;size&quot;:&quot;&quot;},&quot;video_type&quot;:&quot;youtube&quot;,&quot;controls&quot;:&quot;yes&quot;}\" data-widget_type=\"video.default\">\n\t\t\t\t<div class=\"elementor-widget-container\">\n\t\t\t\t\t\t\t<div class=\"elementor-wrapper elementor-open-inline\">\n\t\t\t<div class=\"elementor-video\"><\/div>\t\t\t\t<div class=\"elementor-custom-embed-image-overlay\" style=\"background-image: url(https:\/\/yul.dreamstakeflight.ca\/wp-content\/uploads\/sites\/18\/2020\/06\/posterchild2018-2.png);\">\n\t\t\t\t\t\t\t\t\t\t\t\t\t\t\t\t<div class=\"elementor-custom-embed-play\" role=\"button\" aria-label=\"Lire la vid\u00e9o\" tabindex=\"0\">\n\t\t\t\t\t\t\t<i aria-hidden=\"true\" class=\"eicon-play\"><\/i>\t\t\t\t\t\t<\/div>\n\t\t\t\t\t\t\t\t\t<\/div>\n\t\t\t\t\t<\/div>\n\t\t\t\t\t\t<\/div>\n\t\t\t\t<\/div>\n\t\t\t\t\t<\/div>\n\t\t<\/div>\n\t\t\t\t\t<\/div>\n\t\t<\/section>\n\t\t\t\t<section class=\"elementor-section elementor-top-section elementor-element elementor-element-e5fa92d elementor-section-boxed elementor-section-height-default elementor-section-height-default\" data-id=\"e5fa92d\" data-element_type=\"section\" data-e-type=\"section\">\n\t\t\t\t\t\t<div class=\"elementor-container elementor-column-gap-default\">\n\t\t\t\t\t<div class=\"elementor-column elementor-col-100 elementor-top-column elementor-element elementor-element-a94c682\" data-id=\"a94c682\" data-element_type=\"column\" data-e-type=\"column\">\n\t\t\t<div class=\"elementor-widget-wrap elementor-element-populated\">\n\t\t\t\t\t\t<div class=\"elementor-element elementor-element-22557a4 elementor-align-center elementor-widget elementor-widget-button\" data-id=\"22557a4\" data-element_type=\"widget\" data-e-type=\"widget\" data-widget_type=\"button.default\">\n\t\t\t\t<div class=\"elementor-widget-container\">\n\t\t\t\t\t\t\t\t\t<div class=\"elementor-button-wrapper\">\n\t\t\t\t\t<a class=\"elementor-button elementor-button-link elementor-size-lg\" href=\"https:\/\/yul.dreamstakeflight.ca\/fr\/partagez-votre-histoire\/\">\n\t\t\t\t\t\t<span class=\"elementor-button-content-wrapper\">\n\t\t\t\t\t\t\t\t\t<span class=\"elementor-button-text\">Partagez votre histoire!<\/span>\n\t\t\t\t\t<\/span>\n\t\t\t\t\t<\/a>\n\t\t\t\t<\/div>\n\t\t\t\t\t\t\t\t<\/div>\n\t\t\t\t<\/div>\n\t\t\t\t\t<\/div>\n\t\t<\/div>\n\t\t\t\t\t<\/div>\n\t\t<\/section>\n\t\t\t\t<\/div>\n\t\t","protected":false},"excerpt":{"rendered":"<p>Les organisations, les entreprises et les particuliers choisissent Voyage de R\u00eaves, car la r\u00e9compense est ind\u00e9niable.Les enfants qui ont des d\u00e9fis ne voient pas d\u2019opportunit\u00e9s. Des barri\u00e8res m\u00e9dicales, mentales, physiques, sociales ou \u00e9motionnelles s&#8217;opposent.Un voyage d&#8217;une vie change cela en ouvrant leur esprit aux possibilit\u00e9s. https:\/\/www.youtube.com\/watch?v=4DWplzKvjQwhttps:\/\/www.youtube.com\/watch?v=4aJ7PzgofaM Partagez votre histoire!<\/p>\n","protected":false},"author":93,"featured_media":7405,"parent":0,"menu_order":0,"comment_status":"closed","ping_status":"closed","template":"","meta":{"_acf_changed":false,"give_campaign_id":0,"site-sidebar-layout":"no-sidebar","site-content-layout":"page-builder","ast-site-content-layout":"default","site-content-style":"default","site-sidebar-style":"default","ast-global-header-display":"","ast-banner-title-visibility":"","ast-main-header-display":"","ast-hfb-above-header-display":"","ast-hfb-below-header-display":"","ast-hfb-mobile-header-display":"","site-post-title":"disabled","ast-breadcrumbs-content":"","ast-featured-img":"disabled","footer-sml-layout":"","ast-disable-related-posts":"","theme-transparent-header-meta":"default","adv-header-id-meta":"","stick-header-meta":"","header-above-stick-meta":"","header-main-stick-meta":"","header-below-stick-meta":"","astra-migrate-meta-layouts":"default","ast-page-background-enabled":"default","ast-page-background-meta":{"desktop":{"background-color":"","background-image":"","background-repeat":"repeat","background-position":"center center","background-size":"auto","background-attachment":"scroll","background-type":"","background-media":"","overlay-type":"","overlay-color":"","overlay-opacity":"","overlay-gradient":""},"tablet":{"background-color":"","background-image":"","background-repeat":"repeat","background-position":"center center","background-size":"auto","background-attachment":"scroll","background-type":"","background-media":"","overlay-type":"","overlay-color":"","overlay-opacity":"","overlay-gradient":""},"mobile":{"background-color":"","background-image":"","background-repeat":"repeat","background-position":"center center","background-size":"auto","background-attachment":"scroll","background-type":"","background-media":"","overlay-type":"","overlay-color":"","overlay-opacity":"","overlay-gradient":""}},"ast-content-background-meta":{"desktop":{"background-color":"var(--ast-global-color-5)","background-image":"","background-repeat":"repeat","background-position":"center center","background-size":"auto","background-attachment":"scroll","background-type":"","background-media":"","overlay-type":"","overlay-color":"","overlay-opacity":"","overlay-gradient":""},"tablet":{"background-color":"var(--ast-global-color-5)","background-image":"","background-repeat":"repeat","background-position":"center center","background-size":"auto","background-attachment":"scroll","background-type":"","background-media":"","overlay-type":"","overlay-color":"","overlay-opacity":"","overlay-gradient":""},"mobile":{"background-color":"var(--ast-global-color-5)","background-image":"","background-repeat":"repeat","background-position":"center center","background-size":"auto","background-attachment":"scroll","background-type":"","background-media":"","overlay-type":"","overlay-color":"","overlay-opacity":"","overlay-gradient":""}},"footnotes":""},"class_list":["post-7549","page","type-page","status-publish","has-post-thumbnail","hentry"],"acf":[],"yoast_head":"<!-- This site is optimized with the Yoast SEO plugin v26.3 - https:\/\/yoast.com\/wordpress\/plugins\/seo\/ -->\n<title>Nos histoires - Dreams Take Flight | Montreal<\/title>\n<meta name=\"robots\" content=\"index, follow, max-snippet:-1, max-image-preview:large, max-video-preview:-1\" \/>\n<link rel=\"canonical\" href=\"https:\/\/yul.dreamstakeflight.ca\/fr\/nos-histoires\/\" \/>\n<meta property=\"og:locale\" content=\"fr_FR\" \/>\n<meta property=\"og:type\" content=\"article\" \/>\n<meta property=\"og:title\" content=\"Nos histoires - Dreams Take Flight | Montreal\" \/>\n<meta property=\"og:description\" content=\"Les organisations, les entreprises et les particuliers choisissent Voyage de R\u00eaves, car la r\u00e9compense est ind\u00e9niable.Les enfants qui ont des d\u00e9fis ne voient pas d\u2019opportunit\u00e9s. Des barri\u00e8res m\u00e9dicales, mentales, physiques, sociales ou \u00e9motionnelles s&#8217;opposent.Un voyage d&#8217;une vie change cela en ouvrant leur esprit aux possibilit\u00e9s. https:\/\/www.youtube.com\/watch?v=4DWplzKvjQwhttps:\/\/www.youtube.com\/watch?v=4aJ7PzgofaM Partagez votre histoire!\" \/>\n<meta property=\"og:url\" content=\"https:\/\/yul.dreamstakeflight.ca\/fr\/nos-histoires\/\" \/>\n<meta property=\"og:site_name\" content=\"Dreams Take Flight | Montreal\" \/>\n<meta property=\"article:modified_time\" content=\"2021-10-02T20:54:35+00:00\" \/>\n<meta property=\"og:image\" content=\"https:\/\/yul.dreamstakeflight.ca\/wp-content\/uploads\/sites\/18\/2020\/06\/disney-land-423549_1920.jpg\" \/>\n\t<meta property=\"og:image:width\" content=\"1920\" \/>\n\t<meta property=\"og:image:height\" content=\"1080\" \/>\n\t<meta property=\"og:image:type\" content=\"image\/jpeg\" \/>\n<meta name=\"twitter:card\" content=\"summary_large_image\" \/>\n<meta name=\"twitter:label1\" content=\"Dur\u00e9e de lecture estim\u00e9e\" \/>\n\t<meta name=\"twitter:data1\" content=\"1 minute\" \/>\n<script type=\"application\/ld+json\" class=\"yoast-schema-graph\">{\"@context\":\"https:\/\/schema.org\",\"@graph\":[{\"@type\":\"WebPage\",\"@id\":\"https:\/\/yul.dreamstakeflight.ca\/fr\/nos-histoires\/\",\"url\":\"https:\/\/yul.dreamstakeflight.ca\/fr\/nos-histoires\/\",\"name\":\"Nos histoires - Dreams Take Flight | Montreal\",\"isPartOf\":{\"@id\":\"https:\/\/yul.dreamstakeflight.ca\/#website\"},\"primaryImageOfPage\":{\"@id\":\"https:\/\/yul.dreamstakeflight.ca\/fr\/nos-histoires\/#primaryimage\"},\"image\":{\"@id\":\"https:\/\/yul.dreamstakeflight.ca\/fr\/nos-histoires\/#primaryimage\"},\"thumbnailUrl\":\"https:\/\/yul.dreamstakeflight.ca\/wp-content\/uploads\/sites\/18\/2020\/06\/disney-land-423549_1920.jpg\",\"datePublished\":\"2020-10-30T06:18:58+00:00\",\"dateModified\":\"2021-10-02T20:54:35+00:00\",\"breadcrumb\":{\"@id\":\"https:\/\/yul.dreamstakeflight.ca\/fr\/nos-histoires\/#breadcrumb\"},\"inLanguage\":\"fr-FR\",\"potentialAction\":[{\"@type\":\"ReadAction\",\"target\":[\"https:\/\/yul.dreamstakeflight.ca\/fr\/nos-histoires\/\"]}]},{\"@type\":\"ImageObject\",\"inLanguage\":\"fr-FR\",\"@id\":\"https:\/\/yul.dreamstakeflight.ca\/fr\/nos-histoires\/#primaryimage\",\"url\":\"https:\/\/yul.dreamstakeflight.ca\/wp-content\/uploads\/sites\/18\/2020\/06\/disney-land-423549_1920.jpg\",\"contentUrl\":\"https:\/\/yul.dreamstakeflight.ca\/wp-content\/uploads\/sites\/18\/2020\/06\/disney-land-423549_1920.jpg\",\"width\":1920,\"height\":1080},{\"@type\":\"BreadcrumbList\",\"@id\":\"https:\/\/yul.dreamstakeflight.ca\/fr\/nos-histoires\/#breadcrumb\",\"itemListElement\":[{\"@type\":\"ListItem\",\"position\":1,\"name\":\"Home\",\"item\":\"https:\/\/yul.dreamstakeflight.ca\/fr\/\"},{\"@type\":\"ListItem\",\"position\":2,\"name\":\"Nos histoires\"}]},{\"@type\":\"WebSite\",\"@id\":\"https:\/\/yul.dreamstakeflight.ca\/#website\",\"url\":\"https:\/\/yul.dreamstakeflight.ca\/\",\"name\":\"Dreams Take Flight | Montreal\",\"description\":\"\",\"publisher\":{\"@id\":\"https:\/\/yul.dreamstakeflight.ca\/#organization\"},\"potentialAction\":[{\"@type\":\"SearchAction\",\"target\":{\"@type\":\"EntryPoint\",\"urlTemplate\":\"https:\/\/yul.dreamstakeflight.ca\/?s={search_term_string}\"},\"query-input\":{\"@type\":\"PropertyValueSpecification\",\"valueRequired\":true,\"valueName\":\"search_term_string\"}}],\"inLanguage\":\"fr-FR\"},{\"@type\":\"Organization\",\"@id\":\"https:\/\/yul.dreamstakeflight.ca\/#organization\",\"name\":\"Dreams Take Flight | Montreal\",\"url\":\"https:\/\/yul.dreamstakeflight.ca\/\",\"logo\":{\"@type\":\"ImageObject\",\"inLanguage\":\"fr-FR\",\"@id\":\"https:\/\/yul.dreamstakeflight.ca\/#\/schema\/logo\/image\/\",\"url\":\"https:\/\/yul.dreamstakeflight.ca\/wp-content\/uploads\/sites\/18\/2019\/11\/cropped-thumbnail_DTFC-Logo-2019-BL.png\",\"contentUrl\":\"https:\/\/yul.dreamstakeflight.ca\/wp-content\/uploads\/sites\/18\/2019\/11\/cropped-thumbnail_DTFC-Logo-2019-BL.png\",\"width\":481,\"height\":481,\"caption\":\"Dreams Take Flight | Montreal\"},\"image\":{\"@id\":\"https:\/\/yul.dreamstakeflight.ca\/#\/schema\/logo\/image\/\"}}]}<\/script>\n<!-- \/ Yoast SEO plugin. -->","yoast_head_json":{"title":"Nos histoires - Dreams Take Flight | Montreal","robots":{"index":"index","follow":"follow","max-snippet":"max-snippet:-1","max-image-preview":"max-image-preview:large","max-video-preview":"max-video-preview:-1"},"canonical":"https:\/\/yul.dreamstakeflight.ca\/fr\/nos-histoires\/","og_locale":"fr_FR","og_type":"article","og_title":"Nos histoires - Dreams Take Flight | Montreal","og_description":"Les organisations, les entreprises et les particuliers choisissent Voyage de R\u00eaves, car la r\u00e9compense est ind\u00e9niable.Les enfants qui ont des d\u00e9fis ne voient pas d\u2019opportunit\u00e9s. Des barri\u00e8res m\u00e9dicales, mentales, physiques, sociales ou \u00e9motionnelles s&#8217;opposent.Un voyage d&#8217;une vie change cela en ouvrant leur esprit aux possibilit\u00e9s. https:\/\/www.youtube.com\/watch?v=4DWplzKvjQwhttps:\/\/www.youtube.com\/watch?v=4aJ7PzgofaM Partagez votre histoire!","og_url":"https:\/\/yul.dreamstakeflight.ca\/fr\/nos-histoires\/","og_site_name":"Dreams Take Flight | Montreal","article_modified_time":"2021-10-02T20:54:35+00:00","og_image":[{"width":1920,"height":1080,"url":"https:\/\/yul.dreamstakeflight.ca\/wp-content\/uploads\/sites\/18\/2020\/06\/disney-land-423549_1920.jpg","type":"image\/jpeg"}],"twitter_card":"summary_large_image","twitter_misc":{"Dur\u00e9e de lecture estim\u00e9e":"1 minute"},"schema":{"@context":"https:\/\/schema.org","@graph":[{"@type":"WebPage","@id":"https:\/\/yul.dreamstakeflight.ca\/fr\/nos-histoires\/","url":"https:\/\/yul.dreamstakeflight.ca\/fr\/nos-histoires\/","name":"Nos histoires - Dreams Take Flight | Montreal","isPartOf":{"@id":"https:\/\/yul.dreamstakeflight.ca\/#website"},"primaryImageOfPage":{"@id":"https:\/\/yul.dreamstakeflight.ca\/fr\/nos-histoires\/#primaryimage"},"image":{"@id":"https:\/\/yul.dreamstakeflight.ca\/fr\/nos-histoires\/#primaryimage"},"thumbnailUrl":"https:\/\/yul.dreamstakeflight.ca\/wp-content\/uploads\/sites\/18\/2020\/06\/disney-land-423549_1920.jpg","datePublished":"2020-10-30T06:18:58+00:00","dateModified":"2021-10-02T20:54:35+00:00","breadcrumb":{"@id":"https:\/\/yul.dreamstakeflight.ca\/fr\/nos-histoires\/#breadcrumb"},"inLanguage":"fr-FR","potentialAction":[{"@type":"ReadAction","target":["https:\/\/yul.dreamstakeflight.ca\/fr\/nos-histoires\/"]}]},{"@type":"ImageObject","inLanguage":"fr-FR","@id":"https:\/\/yul.dreamstakeflight.ca\/fr\/nos-histoires\/#primaryimage","url":"https:\/\/yul.dreamstakeflight.ca\/wp-content\/uploads\/sites\/18\/2020\/06\/disney-land-423549_1920.jpg","contentUrl":"https:\/\/yul.dreamstakeflight.ca\/wp-content\/uploads\/sites\/18\/2020\/06\/disney-land-423549_1920.jpg","width":1920,"height":1080},{"@type":"BreadcrumbList","@id":"https:\/\/yul.dreamstakeflight.ca\/fr\/nos-histoires\/#breadcrumb","itemListElement":[{"@type":"ListItem","position":1,"name":"Home","item":"https:\/\/yul.dreamstakeflight.ca\/fr\/"},{"@type":"ListItem","position":2,"name":"Nos histoires"}]},{"@type":"WebSite","@id":"https:\/\/yul.dreamstakeflight.ca\/#website","url":"https:\/\/yul.dreamstakeflight.ca\/","name":"Dreams Take Flight | Montreal","description":"","publisher":{"@id":"https:\/\/yul.dreamstakeflight.ca\/#organization"},"potentialAction":[{"@type":"SearchAction","target":{"@type":"EntryPoint","urlTemplate":"https:\/\/yul.dreamstakeflight.ca\/?s={search_term_string}"},"query-input":{"@type":"PropertyValueSpecification","valueRequired":true,"valueName":"search_term_string"}}],"inLanguage":"fr-FR"},{"@type":"Organization","@id":"https:\/\/yul.dreamstakeflight.ca\/#organization","name":"Dreams Take Flight | Montreal","url":"https:\/\/yul.dreamstakeflight.ca\/","logo":{"@type":"ImageObject","inLanguage":"fr-FR","@id":"https:\/\/yul.dreamstakeflight.ca\/#\/schema\/logo\/image\/","url":"https:\/\/yul.dreamstakeflight.ca\/wp-content\/uploads\/sites\/18\/2019\/11\/cropped-thumbnail_DTFC-Logo-2019-BL.png","contentUrl":"https:\/\/yul.dreamstakeflight.ca\/wp-content\/uploads\/sites\/18\/2019\/11\/cropped-thumbnail_DTFC-Logo-2019-BL.png","width":481,"height":481,"caption":"Dreams Take Flight | Montreal"},"image":{"@id":"https:\/\/yul.dreamstakeflight.ca\/#\/schema\/logo\/image\/"}}]}},"campaignId":"","_links":{"self":[{"href":"https:\/\/yul.dreamstakeflight.ca\/fr\/wp-json\/wp\/v2\/pages\/7549","targetHints":{"allow":["GET"]}}],"collection":[{"href":"https:\/\/yul.dreamstakeflight.ca\/fr\/wp-json\/wp\/v2\/pages"}],"about":[{"href":"https:\/\/yul.dreamstakeflight.ca\/fr\/wp-json\/wp\/v2\/types\/page"}],"author":[{"embeddable":true,"href":"https:\/\/yul.dreamstakeflight.ca\/fr\/wp-json\/wp\/v2\/users\/93"}],"replies":[{"embeddable":true,"href":"https:\/\/yul.dreamstakeflight.ca\/fr\/wp-json\/wp\/v2\/comments?post=7549"}],"version-history":[{"count":0,"href":"https:\/\/yul.dreamstakeflight.ca\/fr\/wp-json\/wp\/v2\/pages\/7549\/revisions"}],"wp:featuredmedia":[{"embeddable":true,"href":"https:\/\/yul.dreamstakeflight.ca\/fr\/wp-json\/wp\/v2\/media\/7405"}],"wp:attachment":[{"href":"https:\/\/yul.dreamstakeflight.ca\/fr\/wp-json\/wp\/v2\/media?parent=7549"}],"curies":[{"name":"wp","href":"https:\/\/api.w.org\/{rel}","templated":true}]}}